{"id":228,"date":"2023-04-29T16:26:45","date_gmt":"2023-04-29T14:26:45","guid":{"rendered":"http:\/\/www.lesailesdulac.fr\/wp\/?page_id=228"},"modified":"2025-02-14T14:09:20","modified_gmt":"2025-02-14T13:09:20","slug":"volez-en-hiver","status":"publish","type":"page","link":"https:\/\/www.lesailesdulac.fr\/wp\/volez-en-hiver\/","title":{"rendered":"!! Charters Neige !!"},"content":{"rendered":"<h3 style=\"text-align: center;\">Charters Neige 2024\/2025<\/h3>\n<p>&nbsp;<\/p>\n<p><strong>Le Charters Neige c&rsquo;est quoi?\u00a0<\/strong><\/p>\n<p>C&rsquo;est une p\u00e9riode de l&rsquo;ann\u00e9e o\u00f9 les TMA sont espace de classe D les week ends d&rsquo;hiver car le trafic a\u00e9rien se densifie. En dehors de ces p\u00e9riodes, les TMA sont de classe E.<\/p>\n<p>La CTR 3 est activ\u00e9e \u00e0 partir du moment o\u00f9 les TMA fr Chamb\u00e9ry sont en classe D<\/p>\n<p style=\"text-align: center;\"><strong><span style=\"color: #ff0000;\">Les TMA sont activ\u00e9e du 2\u00e8me vendredi de d\u00e9cembre (13DEC2024) au deuxi\u00e8me lundi d&rsquo;avril (14AVR2025)<\/span><\/strong><\/p>\n<p style=\"text-align: center;\"><strong><span style=\"color: #ff0000;\">Du vendredi au lundi midi<\/span><\/strong><\/p>\n<p><img decoding=\"async\" loading=\"lazy\" class=\"aligncenter size-medium wp-image-467\" src=\"https:\/\/www.lesailesdulac.fr\/wp\/wp-content\/uploads\/2024\/12\/01.jpg\" alt=\"\" width=\"1\" height=\"1\" \/><img decoding=\"async\" loading=\"lazy\" class=\"aligncenter size-medium wp-image-467\" src=\"https:\/\/www.lesailesdulac.fr\/wp\/wp-content\/uploads\/2024\/12\/01.jpg\" alt=\"\" width=\"1\" height=\"1\" \/><\/p>\n<p><img decoding=\"async\" loading=\"lazy\" class=\"aligncenter size-medium wp-image-467\" src=\"https:\/\/www.lesailesdulac.fr\/wp\/wp-content\/uploads\/2024\/12\/01.jpg\" alt=\"\" width=\"1\" height=\"1\" \/> <img decoding=\"async\" loading=\"lazy\" class=\"aligncenter size-medium wp-image-469\" src=\"https:\/\/www.lesailesdulac.fr\/wp\/wp-content\/uploads\/2024\/12\/03.jpg\" alt=\"\" width=\"1\" height=\"1\" \/> <img decoding=\"async\" loading=\"lazy\" class=\"aligncenter size-medium wp-image-468\" src=\"https:\/\/www.lesailesdulac.fr\/wp\/wp-content\/uploads\/2024\/12\/02.jpg\" alt=\"\" width=\"1\" height=\"1\" \/> <img decoding=\"async\" loading=\"lazy\" class=\"aligncenter size-medium wp-image-470\" src=\"https:\/\/www.lesailesdulac.fr\/wp\/wp-content\/uploads\/2024\/12\/Charters-Neige-TMA-CTR-2024-2025-.jpg\" alt=\"\" width=\"1\" height=\"1\" \/><\/p>\n<p><img decoding=\"async\" loading=\"lazy\" class=\"aligncenter size-medium wp-image-326\" src=\"https:\/\/www.lesailesdulac.fr\/wp\/wp-content\/uploads\/2023\/12\/03-20232024.jpg\" alt=\"\" width=\"1\" height=\"1\" \/><\/p>\n","protected":false},"excerpt":{"rendered":"<p>Charters Neige 2024\/2025 &nbsp; Le Charters Neige c&rsquo;est quoi?\u00a0 C&rsquo;est une p\u00e9riode de l&rsquo;ann\u00e9e o\u00f9 les TMA sont espace de classe D les week ends d&rsquo;hiver car le trafic a\u00e9rien se densifie. En dehors de ces p\u00e9riodes, les TMA sont de classe E. La CTR 3 est activ\u00e9e \u00e0 partir du moment o\u00f9 les TMA [&hellip;]<\/p>\n","protected":false},"author":1,"featured_media":0,"parent":0,"menu_order":0,"comment_status":"closed","ping_status":"closed","template":"","meta":{"site-sidebar-layout":"default","site-content-layout":"default","ast-site-content-layout":"default","site-content-style":"default","site-sidebar-style":"default","ast-global-header-display":"","ast-banner-title-visibility":"","ast-main-header-display":"","ast-hfb-above-header-display":"","ast-hfb-below-header-display":"","ast-hfb-mobile-header-display":"","site-post-title":"disabled","ast-breadcrumbs-content":"","ast-featured-img":"","footer-sml-layout":"","theme-transparent-header-meta":"default","adv-header-id-meta":"","stick-header-meta":"","header-above-stick-meta":"","header-main-stick-meta":"","header-below-stick-meta":"","astra-migrate-meta-layouts":"set","ast-page-background-enabled":"default","ast-page-background-meta":{"desktop":{"background-color":"var(--ast-global-color-4)","background-image":"","background-repeat":"repeat","background-position":"center center","background-size":"auto","background-attachment":"scroll","background-type":"","background-media":"","overlay-type":"","overlay-color":"","overlay-gradient":""},"tablet":{"background-color":"","background-image":"","background-repeat":"repeat","background-position":"center center","background-size":"auto","background-attachment":"scroll","background-type":"","background-media":"","overlay-type":"","overlay-color":"","overlay-gradient":""},"mobile":{"background-color":"","background-image":"","background-repeat":"repeat","background-position":"center center","background-size":"auto","background-attachment":"scroll","background-type":"","background-media":"","overlay-type":"","overlay-color":"","overlay-gradient":""}},"ast-content-background-meta":{"desktop":{"background-color":"var(--ast-global-color-5)","background-image":"","background-repeat":"repeat","background-position":"center center","background-size":"auto","background-attachment":"scroll","background-type":"","background-media":"","overlay-type":"","overlay-color":"","overlay-gradient":""},"tablet":{"background-color":"var(--ast-global-color-5)","background-image":"","background-repeat":"repeat","background-position":"center center","background-size":"auto","background-attachment":"scroll","background-type":"","background-media":"","overlay-type":"","overlay-color":"","overlay-gradient":""},"mobile":{"background-color":"var(--ast-global-color-5)","background-image":"","background-repeat":"repeat","background-position":"center center","background-size":"auto","background-attachment":"scroll","background-type":"","background-media":"","overlay-type":"","overlay-color":"","overlay-gradient":""}}},"_links":{"self":[{"href":"https:\/\/www.lesailesdulac.fr\/wp\/wp-json\/wp\/v2\/pages\/228"}],"collection":[{"href":"https:\/\/www.lesailesdulac.fr\/wp\/wp-json\/wp\/v2\/pages"}],"about":[{"href":"https:\/\/www.lesailesdulac.fr\/wp\/wp-json\/wp\/v2\/types\/page"}],"author":[{"embeddable":true,"href":"https:\/\/www.lesailesdulac.fr\/wp\/wp-json\/wp\/v2\/users\/1"}],"replies":[{"embeddable":true,"href":"https:\/\/www.lesailesdulac.fr\/wp\/wp-json\/wp\/v2\/comments?post=228"}],"version-history":[{"count":11,"href":"https:\/\/www.lesailesdulac.fr\/wp\/wp-json\/wp\/v2\/pages\/228\/revisions"}],"predecessor-version":[{"id":495,"href":"https:\/\/www.lesailesdulac.fr\/wp\/wp-json\/wp\/v2\/pages\/228\/revisions\/495"}],"wp:attachment":[{"href":"https:\/\/www.lesailesdulac.fr\/wp\/wp-json\/wp\/v2\/media?parent=228"}],"curies":[{"name":"wp","href":"https:\/\/api.w.org\/{rel}","templated":true}]}}