{"id":195,"date":"2023-04-09T09:50:29","date_gmt":"2023-04-09T07:50:29","guid":{"rendered":"http:\/\/www.lesailesdulac.fr\/wp\/?page_id=195"},"modified":"2024-03-25T17:07:33","modified_gmt":"2024-03-25T16:07:33","slug":"le-club","status":"publish","type":"page","link":"https:\/\/www.lesailesdulac.fr\/wp\/le-club\/","title":{"rendered":"Le Club"},"content":{"rendered":"<div>\n<p class=\"font8\" align=\"center\">C&rsquo;est le club de vol libre de l&rsquo;avant-pays savoyard, autour du lac d&rsquo;Aiguebelette.<\/p>\n<\/div>\n<div>\n<p class=\"font8\" align=\"center\">On dit club de vol libre, mais c&rsquo;est surtout un club de parapente. Il restait quelques deltistes, mais o\u00f9 sont-ils?<\/p>\n<\/div>\n<div>\n<p class=\"font8\" align=\"center\">Le club g\u00e8re le tr\u00e8s c\u00e9l\u00e8bre\u00a0site d&rsquo;Aiguebelette, aussi appel\u00e9 site de l&rsquo;Epine, ainsi que d&rsquo;autres sites moins importants dans les environs: Col du Banchet, Bande.<\/p>\n<p style=\"text-align: center;\">Ces sites sont fragiles et vous devez, pour les p\u00e9r\u00e9niser, respecter les consignes d&rsquo;utilisation d\u00e9finies par le club.<br \/>\nLe non-respect de ces consignes pourrait entra\u00eener la fermeture des sites.<\/p>\n<\/div>\n<div>\n<p class=\"font8\" align=\"center\">Il accueille les pratiquants de vol libre autonomes. Pour apprendre \u00e0 voler, il faut s&rsquo;adresser \u00e0 une \u00e9cole de parapente comme\u00a0<a href=\"https:\/\/www.aiguebeletteparapente.fr\">Aiguebelette Parapente<\/a>\u00a0(la bien nomm\u00e9e!)<\/p>\n<p class=\"font8\" align=\"center\">Apr\u00e8s un ou plusieurs stages, quand on peut voler en autonomie, on peut rejoindre le club pour parfaire sa progression, partager les navettes, faire des sorties montagne ou sur d&rsquo;autres sites, se faire des tas de potes partageant la m\u00eame passion, etc&#8230;<\/p>\n<p style=\"text-align: center;\">Cr\u00e9\u00e9 en 1993, le club compte environ 123\u00a0adh\u00e9rents (2022), dont une centaine de licenci\u00e9s FFVL. C&rsquo; est un des 3 gros clubs de Savoie.<\/p>\n<\/div>\n<div>\n<p class=\"font8\" align=\"center\"><span class=\"wixguard\">\u200b<\/span><\/p>\n<\/div>\n<div>\n<p class=\"font8\" align=\"center\">Rejoindre le club -&gt; <a href=\"https:\/\/www.lesailesdulac.fr\/wp\/les-infos\/devenir-membre\/\">ici<\/a><\/p>\n<\/div>\n","protected":false},"excerpt":{"rendered":"<p>C&rsquo;est le club de vol libre de l&rsquo;avant-pays savoyard, autour du lac d&rsquo;Aiguebelette. On dit club de vol libre, mais c&rsquo;est surtout un club de parapente. Il restait quelques deltistes, mais o\u00f9 sont-ils? Le club g\u00e8re le tr\u00e8s c\u00e9l\u00e8bre\u00a0site d&rsquo;Aiguebelette, aussi appel\u00e9 site de l&rsquo;Epine, ainsi que d&rsquo;autres sites moins importants dans les environs: Col [&hellip;]<\/p>\n","protected":false},"author":1,"featured_media":0,"parent":0,"menu_order":1,"comment_status":"closed","ping_status":"closed","template":"","meta":{"site-sidebar-layout":"default","site-content-layout":"default","ast-site-content-layout":"default","site-content-style":"default","site-sidebar-style":"default","ast-global-header-display":"","ast-banner-title-visibility":"","ast-main-header-display":"","ast-hfb-above-header-display":"","ast-hfb-below-header-display":"","ast-hfb-mobile-header-display":"","site-post-title":"disabled","ast-breadcrumbs-content":"","ast-featured-img":"","footer-sml-layout":"","theme-transparent-header-meta":"default","adv-header-id-meta":"","stick-header-meta":"","header-above-stick-meta":"","header-main-stick-meta":"","header-below-stick-meta":"","astra-migrate-meta-layouts":"set","ast-page-background-enabled":"default","ast-page-background-meta":{"desktop":{"background-color":"var(--ast-global-color-4)","background-image":"","background-repeat":"repeat","background-position":"center center","background-size":"auto","background-attachment":"scroll","background-type":"","background-media":"","overlay-type":"","overlay-color":"","overlay-gradient":""},"tablet":{"background-color":"","background-image":"","background-repeat":"repeat","background-position":"center center","background-size":"auto","background-attachment":"scroll","background-type":"","background-media":"","overlay-type":"","overlay-color":"","overlay-gradient":""},"mobile":{"background-color":"","background-image":"","background-repeat":"repeat","background-position":"center center","background-size":"auto","background-attachment":"scroll","background-type":"","background-media":"","overlay-type":"","overlay-color":"","overlay-gradient":""}},"ast-content-background-meta":{"desktop":{"background-color":"var(--ast-global-color-5)","background-image":"","background-repeat":"repeat","background-position":"center center","background-size":"auto","background-attachment":"scroll","background-type":"","background-media":"","overlay-type":"","overlay-color":"","overlay-gradient":""},"tablet":{"background-color":"var(--ast-global-color-5)","background-image":"","background-repeat":"repeat","background-position":"center center","background-size":"auto","background-attachment":"scroll","background-type":"","background-media":"","overlay-type":"","overlay-color":"","overlay-gradient":""},"mobile":{"background-color":"var(--ast-global-color-5)","background-image":"","background-repeat":"repeat","background-position":"center center","background-size":"auto","background-attachment":"scroll","background-type":"","background-media":"","overlay-type":"","overlay-color":"","overlay-gradient":""}}},"_links":{"self":[{"href":"https:\/\/www.lesailesdulac.fr\/wp\/wp-json\/wp\/v2\/pages\/195"}],"collection":[{"href":"https:\/\/www.lesailesdulac.fr\/wp\/wp-json\/wp\/v2\/pages"}],"about":[{"href":"https:\/\/www.lesailesdulac.fr\/wp\/wp-json\/wp\/v2\/types\/page"}],"author":[{"embeddable":true,"href":"https:\/\/www.lesailesdulac.fr\/wp\/wp-json\/wp\/v2\/users\/1"}],"replies":[{"embeddable":true,"href":"https:\/\/www.lesailesdulac.fr\/wp\/wp-json\/wp\/v2\/comments?post=195"}],"version-history":[{"count":7,"href":"https:\/\/www.lesailesdulac.fr\/wp\/wp-json\/wp\/v2\/pages\/195\/revisions"}],"predecessor-version":[{"id":388,"href":"https:\/\/www.lesailesdulac.fr\/wp\/wp-json\/wp\/v2\/pages\/195\/revisions\/388"}],"wp:attachment":[{"href":"https:\/\/www.lesailesdulac.fr\/wp\/wp-json\/wp\/v2\/media?parent=195"}],"curies":[{"name":"wp","href":"https:\/\/api.w.org\/{rel}","templated":true}]}}